{"id":5533,"date":"2022-08-08T16:39:34","date_gmt":"2022-08-08T14:39:34","guid":{"rendered":"https:\/\/tagungsschloss.de\/privacy\/"},"modified":"2022-11-25T17:46:47","modified_gmt":"2022-11-25T16:46:47","slug":"privacy","status":"publish","type":"page","link":"https:\/\/tagungsschloss.de\/en\/privacy\/","title":{"rendered":"Privacy"},"content":{"rendered":"<div class=\"fusion-fullwidth fullwidth-box fusion-builder-row-1 fusion-flex-container has-pattern-background has-mask-background nonhundred-percent-fullwidth non-hundred-percent-height-scrolling\" style=\"--awb-border-radius-top-left:0px;--awb-border-radius-top-right:0px;--awb-border-radius-bottom-right:0px;--awb-border-radius-bottom-left:0px;--awb-margin-top:5rem;--awb-margin-bottom:5rem;--awb-flex-wrap:wrap;\" ><div class=\"fusion-builder-row fusion-row fusion-flex-align-items-flex-start fusion-flex-content-wrap\" style=\"max-width:1352px;margin-left: calc(-4% \/ 2 );margin-right: calc(-4% \/ 2 );\"><div class=\"fusion-layout-column fusion_builder_column fusion-builder-column-0 fusion_builder_column_1_1 1_1 fusion-flex-column\" style=\"--awb-bg-size:cover;--awb-width-large:100%;--awb-margin-top-large:0px;--awb-spacing-right-large:1.92%;--awb-margin-bottom-large:1.5rem;--awb-spacing-left-large:1.92%;--awb-width-medium:100%;--awb-order-medium:0;--awb-spacing-right-medium:1.92%;--awb-spacing-left-medium:1.92%;--awb-width-small:100%;--awb-order-small:0;--awb-spacing-right-small:1.92%;--awb-spacing-left-small:1.92%;\"><div class=\"fusion-column-wrapper fusion-column-has-shadow fusion-flex-justify-content-flex-start fusion-content-layout-column\"><div class=\"fusion-text fusion-text-1\"><p>Datenschutzerkl\u00e4rung<br \/>\nDas Tagungshotel der Wirtschaft Schloss Hasenwinkel (TdW) Hotelbetriebsgesellschaft mbH nimmt den Schutz personenbezogener Daten sehr ernst. Wir m\u00f6chten, dass Sie wissen, wann wir welche Daten speichern und wie wir sie verwenden. Als Unternehmensgesellschaft mit beschr\u00e4nkter Haftung unterliegen wir den Bestimmungen des Bundesdatenschutzgesetzes (BDSG), der europ\u00e4ischen Datenschutzgrundverordnung und des Telemediengesetzes (TMG). Wir haben technische und organisatorische Ma\u00dfnahmen getroffen, die sicherstellen, dass die Vorschriften \u00fcber den Datenschutz sowohl von uns und als auch von externen Dienstleistern beachtet werden.<\/p>\n<p>Datenschutz<br \/>\nDie Betreiber dieser Seiten nehmen den Schutz Ihrer pers\u00f6nlichen Daten sehr ernst. Wir behandeln Ihre personenbezogenen Daten vertraulich und entsprechend der gesetzlichen Datenschutzvorschriften sowie dieser Datenschutzerkl\u00e4rung.<\/p>\n<p>Die Nutzung unserer Webseite ist in der Regel ohne Angabe personenbezogener Daten m\u00f6glich. Personenbezogene Daten sind Einzelangaben \u00fcber pers\u00f6nliche oder sachliche Verh\u00e4ltnisse einer bestimmten oder bestimmbaren nat\u00fcrlichen Person (beispielsweise Name, Anschrift oder E \u2013 Mail Adressen) erhoben werden, erfolgt dies, soweit m\u00f6glich, stets auf freiwilliger Basis. Diese Daten werden ohne Ihre ausdr\u00fcckliche Zustimmung nicht an Dritte weitergegeben. Da diese Daten besonderen Schutz genie\u00dfen, werden sie bei uns nur im technischen erforderlichen Umfang erhoben. Nachfolgend stellen wir da, welche Informationen wir w\u00e4hrend Ihres Besuches auf unserer Internetseite erfassen und wie diese genutzt werden. Unsere Datenschutzpraxis steht im Einklang mit den Regelungen des Bundesdatenschutzgesetzes (BDGS), der europ\u00e4ischen Datenschutzgrundverordnung und des Telemediengesetzes (TMG). Wir werden Ihre personenbezogenen Daten ausschlie\u00dflich zur Bearbeitung von Anfragen erheben,<\/p>\n<p>verarbeiten und speichern. Nur wenn Sie zuvor Ihre Einwilligung gesondert erteilt haben, erfolgt eine Nutzung Ihrer Daten auch weitergehende, in der Einwilligung genau bestimmte Zwecke, zum Beispiel f\u00fcr Informationen \u00fcber Angebote per Newsletter etc. Ohne Ihr Einverst\u00e4ndnis oder eine entsprechende beh\u00f6rdliche Anordnung werden Ihre pers\u00f6nlichen Daten von uns oder von uns beauftragten Personen keinen dritten Personen zur Verf\u00fcgung gestellt.<br \/>\nWir weisen darauf hin, dass die Daten\u00fcbertragung im Internet (zum Beispiel bei der Kommunikation per E \u2013 Mail) Sicherheitsl\u00fccken aufweisen kann. Ein l\u00fcckenloser Schutz der Daten vor dem Zugriff durch Dritte ist nicht m\u00f6glich.<\/p>\n<p>Cookies<br \/>\nDie Internetseiten verwenden teilweise so genannte Cookies. Cookies richten auf Ihrem Rechner keinen Schaden an und enthalten keine Viren. Cookies dienen dazu, unser Angebot nutzerfreundlicher, effektiver und sicherer zu machen. Cookies sind kleine Textdateien, die auf Ihrem Rechner abgelegt werden und die Ihr Browser speichert.<br \/>\nDie meisten der von uns verwendeten Cookies sind sogenannte \u201eSession \u2013 Cookies\u201c. Sie werden nach Ende Ihres Besuchs automatisch gel\u00f6scht. Andere Cookies bleiben auf Ihrem Endger\u00e4t gespeichert, bis Sie diese l\u00f6schen. Diese Cookies erm\u00f6glichen es uns, Ihren Browser beim n\u00e4chsten Besuch wiederzuerkennen.<br \/>\nUnsere Cookies finden dar\u00fcber hinaus im Rahmen von Dienstleistungen der Google Inc. (1600 Amphittheatre Parkway, Mountain View, CA 94043, USA, nachfolgend \u201eGoogle\u201c) im Bereich des Remarketings Verwendung. Hierdurch werden Sie mit auf Ihren anhand Ihres Nutzungsverhaltens definierten Interessen ausgerichteter Werbung auf den Seiten des<\/p>\n<p>Google Partner Netzwerks erneut angesprochen. Sie k\u00f6nnen die Verwendung von Cookies durch Goolge f\u00fcr diese Zwecke deaktivieren, indem Sie die Seite https:\/\/www.google.de\/settings\/ads aufrufen. Alternativ k\u00f6nnen Sie die Verwendung von Cookies von Drittanbietern deaktivieren, indem Sie die Deaktivierungsseite der Netzwerkwerbeinitiative aufrufen. Wir weisen Sie darauf hin, dass Google eigene Datenschutz \u2013 Richtlinien hat, die von unseren unabh\u00e4ngig sind. Bitte informieren Sie sich vor der Nutzung unserer Webseite \u00fcber die Datenschutzbestimmungen von Google!<br \/>\nSie k\u00f6nnen Ihren Browser so einstellen, dass Sie \u00fcber das Setzen von Cookies informiert werden und Cookies nur im Einzelfall erlauben, die Annahme von Cookies f\u00fcr bestimmte F\u00e4lle generell ausschlie\u00dfen sowie das automatische L\u00f6schen der Cookies beim Schlie\u00dfen des Browsers aktivieren. Bei der Deaktivierung von Cookies kann die Funktionalit\u00e4t dieser Website eingeschr\u00e4nkt sein.<\/p>\n<p>Server-Log-Files<br \/>\nDer Provider der Seiten erhebt und speichert automatisch Informationen in so genannten Server-Log-Files, die Ihr Browser automatisch an uns \u00fcbermittelt. Dies sind:<\/p>\n<p>&#8211; Browsertyp und Browserversion<br \/>\n&#8211; Verwendetet Betriebssystem<br \/>\n&#8211; Referrer URL<br \/>\n&#8211; Hostname des zugreifenden Rechners und Uhrzeit der Serveranfrage<\/p>\n<p>Diese Daten sind nicht bestimmten Personen zuordenbar. Eine Zusammenf\u00fchrung dieser Daten mit anderen Datenquellen wird nicht vorgenommen. Wir behalten uns vor, diese Daten nachtr\u00e4glich zu pr\u00fcfen, wenn uns konkrete Anhaltspunkte f\u00fcr eine rechtswidrige Nutzung bekannt werden.<\/p>\n<p>Anonyme\/ Pseudonymisierte Nutzung der Internetseite<br \/>\nSie k\u00f6nnen unsere Internetseite grunds\u00e4tzlich ohne Angabe von personenbezogenen Daten besuchen. F\u00fcr die Optimierung und Verbesserung der Seite erheben wir gegebenenfalls anonyme Daten, um Trends zu analysieren, zur Verwaltung der Seite und f\u00fcr Marktforschungszwecke. Anonyme Nutzungsdaten beziehen sich entweder von Beginn an nicht auf eine identifizierte oder identifizierbare Person oder werden im Nachhinein anonymisiert in der Weise, dass keine oder keine weitere Identifizierung der Person erfolgen kann. Pseudonymisierte Nutzungsdaten werden nicht mit den Daten des Tr\u00e4gers des Pseudonyms zusammengef\u00fchrt. Eine Erstellung von pseudonymen Nutzungsprofilen findet nicht statt.<br \/>\nWir m\u00f6chten Sie darauf hinweisen, dass wir uns das Recht vorbehalten, auf von uns gesammelte personenbezogene Daten und andere Informationen zuzugreifen und sie offenzulegen, sofern dies im Rahmen gesetzlicher oder beh\u00f6rdlicher Auflagen notwendig wird, um uns in die Lage zu versetzen, Ermittlungen aufzunehmen bei Verdacht auf Betrug, Bel\u00e4stigung oder andere \u00dcbertretungen von Gesetzen und Verletzungen rechtlicher Bestimmungen, der Regularien der Seite oder der Rechte Dritter oder zur Untersuchung jedes zweifelhaften, uns unlauter erscheinender Verhaltens.<\/p>\n<p>Kontaktformular<br \/>\nWenn Sie uns per Kontaktformular Anfragen zukommen lassen, werden Ihre Angaben aus dem Anfrageformular inklusive der von Ihnen dort angegebenen Kontaktdaten zwecks Bearbeitung der Anfrage und f\u00fcr den Fall von Anschlussfragen bei uns gespeichert. Diese Daten geben wir nicht ohne Ihre Einwilligung weiter.<\/p>\n<p>SSL &#8211; Verschl\u00fcsselung<br \/>\nDiese Seite nutzt aus Gr\u00fcnden der Sicherheit und zum Schutz der \u00dcbertragung vertraulicher Inhalte, wie zum Beispiel der Anfragen, die Sie an uns als Seitenbetreiber senden, eine SSL \u2013 Verschl\u00fcsselung. Eine verschl\u00fcsselte Verbindung erkennen Sie daran, dass die Adresszeile des Browsers von http:\/\/ auf https:\/\/ wechselt und an dem Schloss \u2013 Symbol in Ihrer Browserzeile.<br \/>\nWenn die SSL \u2013 Verschl\u00fcsselung aktiviert ist, k\u00f6nnen die Daten, die Sie an uns \u00fcbermitteln, nicht von Dritten mitgelesen werden.<\/p>\n<p>Google Analytics<br \/>\nDiese Website benutzt Google Analytics, einen Webanalysedienst der Googel Inc. (Googel). Google Analytics verwendet Cookies (vgl. hierzu Cookies), die auf Ihrem Computer gespeichert werden und die eine Analyse der Benutzung der Website durch Sie erm\u00f6glichen. Die durch den Cookie erzeugten Informationen \u00fcber die Benutzung dieser Webseite (einschlie\u00dflich Ihrer IP \u2013 Adresse) werden an einen Server von Googel in den USA \u00fcbertragen und dort gespeichert. Aufgrund der Verwendung des anonymize_IP_Plugins werden die IP \u2013 Adresse unmittelbar nach Speicherung in den USA durch Google gek\u00fcrzt. Google wird diese Informationen benutzen, um Ihre Nutzung der Website auszuwerten, um Reports \u00fcber die Websiteaktivit\u00e4ten f\u00fcr die Websitebetreiber zusammenzustellen und um weitere mit der Websitenutzung und der Internetnutzung verbundene Dienstleistungen zu erbringen. Auch wird Google diese Informationen gegebenenfalls an Dritte \u00fcbertragen, sofern dies gesetzlich vorgeschrieben oder soweit Dritte diese Daten im Auftrag von Google verarbeiten. Drittanbieter, einschlie\u00dflich Google, schalten Anzeigen auf Websites im Internet und verwenden gespeicherte Cookies zum Schalten von Anzeigen auf Grundlage vorheriger Besuche eines Nutzers auf dieser Website. Google wird Ihre IO \u2013 Adresse nicht mit anderen Daten<\/p>\n<p>von Google in Verbindung bringen. Sie k\u00f6nnen die Installation der Cookies durch eine entsprechende Einstellung Ihrer Browser Software verhindern. Wir weisen Sie jedoch darauf hin, dass Sie in diesem Fall gegebenenfalls nicht s\u00e4mtliche Funktionen dieser Webseite vollumf\u00e4nglich nutzen k\u00f6nnen. Hier (https:\/\/tools.google.com\/dlpage\/gaoptout?hl=de) k\u00f6nnen Sie ein Browser \u2013 Add \u2013 On von Google herunterladen. Es wird dann ein Opt \u2013 Out \u2013 Cookie gesetzt, sodass die zuk\u00fcnftige Erfassung Ihrer Daten beim Besuch dieser Webseite unterbleibt. Gegebenenfalls m\u00fcssen Sie den dort hinterlegten weiteren Anweisungen folgen, um das Setzen von Cookies oder deren Nutzung zu den vorgenannten Zwecken vollst\u00e4ndig zu vermeiden.<\/p>\n<p>Nutzung von Google AdWords Remarketing<br \/>\nDiese Website benutzt Google Remarketing Tags. Dies sind Dienstleistungen der Google Inc. (1600 Amphittheatre Parkway, Mountain View, CA 94043, USA, nachfolgend<br \/>\n\u201eGoogle\u201c). Google verwendet Cookies, die auf Ihrem Computer gespeichert werden und die eine Analyse der Benutzung der Website durch Sie erm\u00f6glicht. Die durch den Cookie erzeugten Informationen \u00fcber Ihre Benutzung dieser Website (einschlie\u00dflich Ihrer IP \u2013 Adresse) werden an einen Server von Google in den USA \u00fcbertragen und dort gespeichert. Die IP Adresse wird anschlie\u00dfend von Google um die letzten drei Stellen gek\u00fcrzt, eine eindeutige Zuordnung der IP \u2013 Adresse ist somit nicht mehr m\u00f6glich (anonymize_IP_Plugins).<br \/>\nGoogle wird diese Information nutzen, um Ihre Nutzung der Website auszuwerten, um Reports \u00fcber die Websiteaktivit\u00e4ten f\u00fcr die Websitebetreiber zusammenzustellen und um weitere mit der Websitenutzung und der Internetnutzung verbundenen Dienstleistungen zu erbringen. Auch wird Google diese Informationen gegebenenfalls an Dritte \u00fcbertragen,<\/p>\n<p>sofern dies gesetzlich vorgeschrieben oder soweit Dritte diese Daten im Auftrag von Goolge verarbeiten.<br \/>\nDrittanbieter, einschlie\u00dflich Google, schalten Anzeigen auf Websites im Internet. Drittanbieter, einschlie\u00dflich Google, verwenden gespeicherte Cookies zum Schalten von Anzeigen auf Grundlage vorheriger Besuche eines Nutzers auf dieser Website. Google wird in keinem Fall Ihre IP \u2013 Adresse mit anderen Daten der Google in Verbindung bringen. Der Datenerhebung und \u2013speicherung kann jederzeit mit Wirkung f\u00fcr die Zukunft widersprochen werden.<br \/>\nSie k\u00f6nnen die Verwendung von Cookies durch Google deaktivieren, indem Sie die Seite zur Deaktivierung von Google \u2013 Werbung (http:\/\/www.google.com\/setting\/ads) aufrufen. Wir weisen Sie jedoch darauf hin, dass Sie in diesem Fall gegebenenfalls nicht s\u00e4mtliche Funktionen dieser Website voll umf\u00e4nglich nutzen k\u00f6nnen. Durch die Nutzung dieser Website erkl\u00e4ren Sie sich mit der Bearbeitung der \u00fcber Sie erhobenen Daten durch Google in der zuvor beschriebenen Art und Weise und zu dem zuvor benannten Zweck einverstanden. Der Datenerhebung und-speicherung kann jederzeit mit Wirkung f\u00fcr die Zukunft widersprochen werden.<br \/>\nWeitere Hinweise zu den Bestimmungen von Google finden Sie unter www.google.com\/intl\/de\/policies\/privacy. Sie k\u00f6nnen die Erfassung Ihrer Daten durch Google Analytics verhindern, indem Sie auf folgenden Link klicken. Es wird ein Opt-Out- Cookie gesetzt, der die Erfassung Ihrer Daten bei zuk\u00fcnftigen Besuchen dieser Website verhindert: Google Analytics deaktivieren.<\/p>\n<p>Browser Plugin<br \/>\nSie k\u00f6nnen die Speicherung der Cookies durch eine entsprechende Einstellung Ihrer Browser Software verhindern. Wir weisen Sie jedoch darauf hin, dass Sie in diesem Fall<\/p>\n<p>gegebenenfalls nicht s\u00e4mtliche Funktionen dieser Website vollumf\u00e4nglich werden nutzen k\u00f6nnen. Sie k\u00f6nnen dar\u00fcber hinaus die Erfassung der durch den Cookie erzeugten und auf Ihre Nutzung der Website bezogenen Daten (inkl. Ihrer IP \u2013 Adresse) an Google sowie die Verarbeitung Ihrer Daten durch Google verhindern, indem Sie das unter dem folgenden Link verf\u00fcgbare Browser-Plugin herunterladen und installieren:<\/p>\n<p>https:\/\/tools.google.com\/dlpage\/gaoptout?hl=de<\/p>\n<p>IP \u2013 Anonymisierung<br \/>\nEs kann mitunter vorkommen, dass die Funktion \u201eAktivierung der IP \u2013 Anonymisierung\u201c auf der Website aktiviert ist. In diesem Falle wird Ihre IP Adresse von Google jedoch innerhalb von Mitgliedstaaten der Europ\u00e4ischen Union oder in anderen Vertragsstaaten des Abkommens \u00fcber den Europ\u00e4ischen Wirtschaftsraum zuvor gek\u00fcrzt. Nur in Ausnahmef\u00e4llen wird die volle IP \u2013 Adresse an einen Server von Google in den USA \u00fcbertragen und dort gek\u00fcrzt. Im Auftrag des Betreibers dieser Website wird Google diese Informationen benutzen, um Ihre Nutzung der Website auszuwerten, um Reports \u00fcber die Websiteaktivit\u00e4ten zusammenzustellen und um weitere mit der Websitennutzung und der Internetnutzung verbundene Dienstleistungen gegen\u00fcber dem Websitebetreiber zu erbringen. Die im Rahmen von Google Analytics von Ihrem Browser \u00fcbermittelte IP \u2013 Adrresse wird nicht mit anderen Daten von Google zusammengef\u00fchrt.<\/p>\n<p>Demografische Merkmale bei Google Analytics<br \/>\nDiese Website nutzt die Funktion \u201edemografische Merkmale\u201c von Google Analytics. Dadurch k\u00f6nnen Berichte erstellt werden, die Aussagen zu Alter, Geschlecht und Interessen der Seitenbesucher erhalten. Diese Daten stammen aus interessenbezogener Werbung von Google sowie aus Besucherdaten von Drittanbietern. Diese Daten k\u00f6nnen<\/p>\n<p>keiner bestimmten Person zugeordnet werden. Sie k\u00f6nnen diese Funktion jederzeit \u00fcber die Anzeigenstellungen in Ihrem Google Konto deaktivieren oder die Erfassung Ihrer Daten durch Google Analytics wie im Punkt \u201eWiderspruch gegen Datenerfassung\u201c darstellt generell untersagen.<\/p>\n<p>Facebook \u2013 Plugins (Like \u2013 Button)<br \/>\nAuf unserer Seite sind Plugins des sozialen Netzwerkes Facebook, Anbieter Facebook Inc. Integriert. Die Facebook \u2013 Plugins erkennen Sie an dem Facebook \u2013 Logo oder dem Like \u2013 Button (Gef\u00e4llt mir) auf der Seite. Eine \u00dcbersicht \u00fcber die Facebook \u2013 Plugins finden Sie unter: developers.facebook.com\/docs\/plugins<br \/>\nWenn Sie unsere Seite besuchen, wird \u00fcber das Plugin eine direkte Verbindung zwischen Ihrem Browser und dem Facebook \u2013 Server hergestellt. Facebook erh\u00e4lt dadurch die Information, dass Sie mit Ihrer IP \u2013 Adresse unsere Seite besucht haben. Wenn Sie den Facebook Like Button anklicken w\u00e4hrend Sie in Ihrem Facebook \u2013 Account eingeloggt sind, k\u00f6nnen Sie die Inhalte unserer Seite auf Ihrem Facebook Profil verlinken. Wir weisen Sie jedoch darauf hin, dass wir keine Kenntnis vom Inhalt \u00fcbermittelter Daten sowie deren Nutzung durch Facebook erhalten. Weitere Informationen hierzu finden Sie in der Datenschutzerkl\u00e4rung von Facebook unter de-de.facebook.com\/policy.php.<br \/>\nWenn Sie nicht w\u00fcnschen, dass Facebook den Besuch unserer Seiten Ihrem Facebook \u2013 Nutzerkonto zuordnen kann, loggen Sie sich bitte aus Ihrem Facebook \u2013 Benutzerkonto aus.<\/p>\n<p>Facebook Remarketing\/ Retargeting<br \/>\nAuf unserer Seite sind Remarketings \u2013 Tags des sozialen Netzwerkes Facebook integriert. Wenn Sie unsere Seite besuchen, wird \u00fcber die Remarketing \u2013 Tags eine direkte Verbindung zwischen Ihrem Browser und dem Facebook \u2013 Server hergestellt.<\/p>\n<p>Facebook erh\u00e4lt dadurch die Informationen, dass Sie mit Ihrer IP \u2013 Adresse unsere Seite besucht haben. Dadurch kann Facebook den Besuch unserer Seite Ihrem Benutzerkonto zuordnen. Die so enthaltenen Informationen k\u00f6nnen wir f\u00fcr die Anzeige von Facebook Ads nutzen. Wir weisen Sie jedoch darauf hin, dass wir keine Kenntnis vom Inhalt der \u00fcbermittelten Daten sowie deren Nutzung durch Facebook erhalten. Weitere Informationen hierzu finden Sie in der Datenschutz \u2013 Erkl\u00e4rung von Facebook unter www.facebook.com\/about\/privacy\/<br \/>\nFalls Sie keine Datenerfassung via Custum Audience w\u00fcnschen, k\u00f6nnen Sie Custum Audiences hier deaktivieren.<\/p>\n<p>YouTube<br \/>\nDie von Google betriebene Seite YouTube nutzt Plugins. Hier wird eine Verbindung zu den Servern von YouTube hergestellt. Dabei wird dem YouTube \u2013 Server mitgeteilt, welche Seite besucht wurde. Wenn Sie in Ihrem YouTube \u2013 Account eingeloggt sind, erm\u00f6glichen Sie YouTube, Ihr Surfverhalten direkt Ihrem pers\u00f6nlichen Profil zuzuordnen. Dieses k\u00f6nnen Sie verhindern, indem Sie sich aus Ihrem YouTube \u2013 Account ausloggen. Weitere Informationen zum Umgang von Nutzerdaten finden Sie in der Datenschutzerkl\u00e4rung von YouTube unter: https:\/\/www.google.de\/intl\/depolicies\/privady<\/p>\n<p>Datensicherheit und Datenschutz, Kommunikation per E &#8211; Mail<br \/>\nIhre personenbezogenen Daten werden durch technische und organisatorische Ma\u00dfnahmen so bei der Erhebung, Speicherung und Verarbeitung gesch\u00fctzt, dass sie f\u00fcr Dritte nicht zug\u00e4nglich sind. Bei der Kommunikation per E \u2013 Mail kann die vollst\u00e4ndige Datensicherheit von uns nicht gew\u00e4hrleistet werden, sodass wir Ihnen bei Informationen mit hohem Geheimhaltungsbed\u00fcrfnis den Postweg empfehlen.<\/p>\n<p>Mit der \u00dcberlassung Ihrer E \u2013 Mail Adresse an uns erkl\u00e4ren Sie sich ausdr\u00fccklich damit einverstanden, E \u2013 Mails von uns zu erhalten. Wir erlauben uns, E \u2013 Mails zur Kommunikation mit Ihnen zu benutzen, um Ihnen die gew\u00fcnschten Informationen, Angebote zu senden oder Informationen zu angebotenen Dienstleistungen. Wir geben Ihre E \u2013 Mail Adresse nicht an eine andere Partei weiter, die Sie damit \u00fcber deren Produkten oder Dienstleistungen direkt informieren k\u00f6nnte.<\/p>\n<p>Widerruf von Einwilligungen \u2013 Datenausk\u00fcnfte und \u00c4nderungsw\u00fcnsche Auskunft, L\u00f6schung und Sperrung von Daten<br \/>\nNach dem Bundesdatenschutzgesetz und der europ\u00e4ischen Datenschutzgrundverordnung haben Sie ein Recht auf unentgeltliche Auskunft \u00fcber Ihre gespeicherten Daten sowie ggf. ein Recht auf Berichtigung, Sperrung, L\u00f6schung dieser Daten. Ihre Daten werden dann gel\u00f6scht, falls dem nicht gesetzliche Regelungen entgegenstehen. Sie k\u00f6nnen eine uns erteilte Erlaubnis, Ihre pers\u00f6nlichen Daten zu nutzen, jederzeit widerrufen. Auskunfts-, L\u00f6schungs- und Berichtigungsw\u00fcnsche zu Ihren Daten und gerne auch Anregungen k\u00f6nnen Sie jederzeit an folgende Adresse senden:<\/p>\n<span class=\"cfe-wrapper\">\n                <span class=\"cfe-jsemail-cfe-hasenwinkel\" data-subject=\"\"><a href=\"#\">loading...<\/a><\/span>\n                <input type=\"hidden\" name=\"secure-cloak\" class=\"secure-cloak\" value=\"5593bd2f86\">\n            <\/span>\n<p>Newsletter &#8211; Marketing<br \/>\nErfolgt eine Datenverarbeitung auf Grundlage einer Einwilligung (zum Beispiel Versand von Newslettern), so hat die verantwortliche Stelle entsprechend der in der DSGVO statuierten Rechenschaftspflicht den Nachweis zu erbringen, dass daf\u00fcr eine wirksame Einwilligung des Betroffenen eingeholt wurde. Diese muss freiwillig, informiert und ausdr\u00fccklich erfolgen. Der Betroffene hat zudem das Recht, seine Einwilligung jederzeit zu widerrufen. \u00dcber dieses Recht muss er informiert werden. Sofern die Einwilligung<\/p>\n<p>elektronisch erteilt wird, ist auf eine entsprechende Protokollierung zu Nachweiszwecken zu achten. Zus\u00e4tzliche Informationspflichten k\u00f6nnen sich bei Daten\u00fcbermittlungen an Dritte ergeben (zum Beispiel in den Newslettern von einem anderen Unternehmen, Dienstleister Werbung)<\/p>\n<p>Speicherung von G\u00e4stedaten<br \/>\nEine Registrierung von G\u00e4stedaten muss laut DSGVO (\u00a7 7 DSGVO, Art. 6 Abs. 1) eine Einwilligung des Gastes f\u00fcr die Speicherung seiner personenbezogenen Daten in eine Kundendatenbank oder in den Empfang von Newslettern und Sonderangeboten eingeholt werden. Diese muss verst\u00e4ndlich, in einfacher Sprache formuliert und klar \u00fcber Art, Umfang und Zweck der Datenverarbeitung sein.<\/p>\n<p>Fragen und Kommentare<br \/>\nF\u00fcr Fragen, Anregungen oder Kommentare zum Thema Datenschutz wenden Sie sich bitte jederzeit per E \u2013 Mail an uns unter:<\/p>\n<span class=\"cfe-wrapper\">\n                <span class=\"cfe-jsemail-cfe-hasenwinkel\" data-subject=\"\"><a href=\"#\">loading...<\/a><\/span>\n                <input type=\"hidden\" name=\"secure-cloak\" class=\"secure-cloak\" value=\"5593bd2f86\">\n            <\/span>\n<p>Wir werden dieses mit unserem Datenschutzbeauftragten auswerten und gegebene Fragen zu Ihrer Zufriedenheit kl\u00e4ren.<br \/>\nDie rasante Entwicklung des Internet macht von Zeit zu Zeit Anpassungen in unseren Datenschutzrichtlinien erforderlich. Sie werden an dieser Stelle \u00fcber die Neuerungen informiert.<\/p>\n<\/div><\/div><\/div><\/div><\/div>\n","protected":false},"excerpt":{"rendered":"","protected":false},"author":1,"featured_media":0,"parent":0,"menu_order":0,"comment_status":"closed","ping_status":"closed","template":"","meta":{"_acf_changed":false,"footnotes":""},"class_list":["post-5533","page","type-page","status-publish","hentry"],"acf":[],"_links":{"self":[{"href":"https:\/\/tagungsschloss.de\/en\/wp-json\/wp\/v2\/pages\/5533","targetHints":{"allow":["GET"]}}],"collection":[{"href":"https:\/\/tagungsschloss.de\/en\/wp-json\/wp\/v2\/pages"}],"about":[{"href":"https:\/\/tagungsschloss.de\/en\/wp-json\/wp\/v2\/types\/page"}],"author":[{"embeddable":true,"href":"https:\/\/tagungsschloss.de\/en\/wp-json\/wp\/v2\/users\/1"}],"replies":[{"embeddable":true,"href":"https:\/\/tagungsschloss.de\/en\/wp-json\/wp\/v2\/comments?post=5533"}],"version-history":[{"count":6,"href":"https:\/\/tagungsschloss.de\/en\/wp-json\/wp\/v2\/pages\/5533\/revisions"}],"predecessor-version":[{"id":6060,"href":"https:\/\/tagungsschloss.de\/en\/wp-json\/wp\/v2\/pages\/5533\/revisions\/6060"}],"wp:attachment":[{"href":"https:\/\/tagungsschloss.de\/en\/wp-json\/wp\/v2\/media?parent=5533"}],"curies":[{"name":"wp","href":"https:\/\/api.w.org\/{rel}","templated":true}]}}