{"id":5535,"date":"2022-08-08T16:39:17","date_gmt":"2022-08-08T14:39:17","guid":{"rendered":"https:\/\/tagungsschloss.de\/imprint\/"},"modified":"2022-10-13T13:01:58","modified_gmt":"2022-10-13T11:01:58","slug":"imprint","status":"publish","type":"page","link":"https:\/\/tagungsschloss.de\/en\/imprint\/","title":{"rendered":"Imprint"},"content":{"rendered":"<div class=\"fusion-fullwidth fullwidth-box fusion-builder-row-1 fusion-flex-container has-pattern-background has-mask-background nonhundred-percent-fullwidth non-hundred-percent-height-scrolling\" style=\"--awb-border-radius-top-left:0px;--awb-border-radius-top-right:0px;--awb-border-radius-bottom-right:0px;--awb-border-radius-bottom-left:0px;--awb-margin-top:5rem;--awb-margin-bottom:5rem;--awb-flex-wrap:wrap;\" ><div class=\"fusion-builder-row fusion-row fusion-flex-align-items-flex-start fusion-flex-content-wrap\" style=\"max-width:1352px;margin-left: calc(-4% \/ 2 );margin-right: calc(-4% \/ 2 );\"><div class=\"fusion-layout-column fusion_builder_column fusion-builder-column-0 fusion_builder_column_1_1 1_1 fusion-flex-column\" style=\"--awb-bg-size:cover;--awb-width-large:100%;--awb-margin-top-large:0px;--awb-spacing-right-large:1.92%;--awb-margin-bottom-large:0px;--awb-spacing-left-large:1.92%;--awb-width-medium:100%;--awb-spacing-right-medium:1.92%;--awb-spacing-left-medium:1.92%;--awb-width-small:100%;--awb-spacing-right-small:1.92%;--awb-spacing-left-small:1.92%;\"><div class=\"fusion-column-wrapper fusion-flex-justify-content-flex-start fusion-content-layout-column\"><div class=\"fusion-text fusion-text-1\"><div class=\"item_fulltext\">\n<p><strong>Angaben gem\u00e4\u00df \u00a7 5 TMG<\/strong><\/p>\n<p>Schloss Hasenwinkel<br \/>\nTagungshotel der Wirtschaft<br \/>\nSchloss Hasenwinkel (TdW) Hotelbetriebsgesellschaft mbH<br \/>\nAm Schlosspark 2<br \/>\n19417 Hasenwinkel<br \/>\nDeutschland<\/p>\n<p><strong>Vertreten durch<\/strong><br \/>\nVertretungsberechtigt: Peggy Bahll<\/p>\n<p><strong>Kontakt:<\/strong><br \/>\nTelefon: +49 (0) 38 47-66-140<br \/>\nFax: +49 (0) 38 47-66-150<br \/>\nWebsite: www.hasenwinkel.com<br \/>\nE-Mail: <span class=\"cfe-wrapper\">\n                <span class=\"cfe-jsemail-cfe-hasenwinkel\" data-subject=\"\"><a href=\"#\">loading...<\/a><\/span>\n                <input type=\"hidden\" name=\"secure-cloak\" class=\"secure-cloak\" value=\"ec2087fb9c\">\n            <\/span><\/p>\n<p><strong>Registereintrag<br \/>\n<\/strong>Eintragung im Handelsregister<br \/>\nRegisternummer: HRB 6669<br \/>\nRegistergericht: Schwerin<\/p>\n<p>Umsatzsteuer-Identifikationsnummer gem\u00e4\u00df \u00a727 a Umsatzsteuergesetz<br \/>\nDE214623160<\/p>\n<p><strong>Quellenangaben f\u00fcr die verwendeten Bilder und Grafiken<\/strong><br \/>\n\u00a9 Schloss Hasenwinkel,\u00a0\u00a9 Andreas Walter, \u00a0\u00a9 Stefan von Stengel, WINSTONgolf,\u00a0\u00a9\u00a0BUGA GmbH Schwerin,\u00a0\u00a9 Angelika Heim,\u00a0\u00a9Tourimuszentrale Wismar,\u00a0\u00a9 Christian Augustin,\u00a0\u00a9\u00a0A. Rudolph,\u00a0\u00a9 Stadtmarketing GmbH Schwerin,\u00a0\u00a9\u00a0Geert Maciejewski,\u00a0\u00a9 Bernd Rupp,\u00a0\u00a9 Festspiele Mecklenburg-Vorpommern<\/p>\n<p><b>Konzept, Website Design und Umsetzung:<\/b><\/p>\n<p><a href=\"https:\/\/minnovation.de\" target=\"_blank\" rel=\"noopener nofollow\"><img decoding=\"async\" class=\"lazyload alignnone wp-image-5930 size-full\" src=\"https:\/\/tagungsschloss.de\/wp-content\/uploads\/2022\/10\/minnovation-logo-small.png\" data-orig-src=\"https:\/\/tagungsschloss.de\/wp-content\/uploads\/2022\/10\/minnovation-logo-small.png\" alt=\"\" width=\"250\" height=\"56\" srcset=\"data:image\/svg+xml,%3Csvg%20xmlns%3D%27http%3A%2F%2Fwww.w3.org%2F2000%2Fsvg%27%20width%3D%27250%27%20height%3D%2756%27%20viewBox%3D%270%200%20250%2056%27%3E%3Crect%20width%3D%27250%27%20height%3D%2756%27%20fill-opacity%3D%220%22%2F%3E%3C%2Fsvg%3E\" data-srcset=\"https:\/\/tagungsschloss.de\/wp-content\/uploads\/2022\/10\/minnovation-logo-small-200x45.png 200w, https:\/\/tagungsschloss.de\/wp-content\/uploads\/2022\/10\/minnovation-logo-small.png 250w\" data-sizes=\"auto\" data-orig-sizes=\"(max-width: 250px) 100vw, 250px\" \/><\/a><\/p>\n<p><a href=\"https:\/\/minnovation.de\/leistungen\" target=\"_blank\" rel=\"noopener nofollow\">Individuelle und ma\u00dfgeschneiderte Webl\u00f6sungen<\/a> von <a href=\"https:\/\/minnovation.de\" target=\"_blank\" rel=\"noopener noreferrer nofollow\">Minnovation<\/a> aus Hamburg.<\/p>\n<\/div>\n<div class=\"item_fulltext\">\n<p>Urheberrecht<br \/>\nDie durch die Seitenbetreiber erstellten bzw. verwendeten Inhalte und Werke auf diesen Seiten unterliegen dem deutschen Urheberrecht. Die Vervielf\u00e4ltigung, Bearbeitung, Verbreitung und jede Art der Verwertung au\u00dferhalb der Grenzen des Urheberrechtes bed\u00fcrfen der Zustimmung des jeweiligen Autors bzw. Erstellers. Downloads und Kopien dieser Seite sind nur f\u00fcr den privaten, nicht kommerziellen Gebrauch gestattet. Soweit die Inhalte auf dieser Seite nicht vom Betreiber erstellt wurden, werden die Urheberrechte Dritter beachtet. Insbesondere werden Inhalte Dritter als solche gekennzeichnet. Sollten Sie trotzdem auf eine Urheberrechtsverletzung aufmerksam werden, bitten wir um einen entsprechenden Hinweis. Bei Bekanntwerden von Rechtsverletzungen werden wir derartige Inhalte umgehend entfernen.<\/p>\n<p>Quelle: webversteher<\/p>\n<p>Firmeninformationen Schloss Hasenwinkel Tagungshotel der Wirtschaft Schloss Hasenwinkel (TdW) Hotelbetriebsgesellschaft mbH Am Schlosspark 2 19417 Hasenwinkel Deutschland Telefon: +49 (0) 38 47-66-140 Fax: +49 (0) 38 47-66-150 Website: www.hasenwinkel.com E-Mail: <span class=\"cfe-wrapper\">\n                <span class=\"cfe-jsemail-cfe-hasenwinkel\" data-subject=\"\"><a href=\"#\">loading...<\/a><\/span>\n                <input type=\"hidden\" name=\"secure-cloak\" class=\"secure-cloak\" value=\"ec2087fb9c\">\n            <\/span> Rechtliche Angaben Vertretungsberechtigt: Peggy Bahll Umsatzsteuer-Identifikationsnummer gem\u00e4\u00df \u00a7 27 a Umsatzsteuergesetz: DE214623160 Registergericht: Amtsgericht Schwerin HRB 6669 Inhaltlich Verantwortlicher gem\u00e4\u00df TMG Peggy Bahll<\/p>\n<\/div>\n<p><!-- Social Sharing --><\/p>\n<p><!-- Pagination --><\/p>\n<\/div><\/div><\/div><\/div><\/div>\n","protected":false},"excerpt":{"rendered":"","protected":false},"author":1,"featured_media":0,"parent":0,"menu_order":0,"comment_status":"closed","ping_status":"closed","template":"","meta":{"_acf_changed":false,"footnotes":""},"class_list":["post-5535","page","type-page","status-publish","hentry"],"acf":[],"_links":{"self":[{"href":"https:\/\/tagungsschloss.de\/en\/wp-json\/wp\/v2\/pages\/5535","targetHints":{"allow":["GET"]}}],"collection":[{"href":"https:\/\/tagungsschloss.de\/en\/wp-json\/wp\/v2\/pages"}],"about":[{"href":"https:\/\/tagungsschloss.de\/en\/wp-json\/wp\/v2\/types\/page"}],"author":[{"embeddable":true,"href":"https:\/\/tagungsschloss.de\/en\/wp-json\/wp\/v2\/users\/1"}],"replies":[{"embeddable":true,"href":"https:\/\/tagungsschloss.de\/en\/wp-json\/wp\/v2\/comments?post=5535"}],"version-history":[{"count":5,"href":"https:\/\/tagungsschloss.de\/en\/wp-json\/wp\/v2\/pages\/5535\/revisions"}],"predecessor-version":[{"id":5977,"href":"https:\/\/tagungsschloss.de\/en\/wp-json\/wp\/v2\/pages\/5535\/revisions\/5977"}],"wp:attachment":[{"href":"https:\/\/tagungsschloss.de\/en\/wp-json\/wp\/v2\/media?parent=5535"}],"curies":[{"name":"wp","href":"https:\/\/api.w.org\/{rel}","templated":true}]}}