{"id":5537,"date":"2022-08-08T16:38:20","date_gmt":"2022-08-08T14:38:20","guid":{"rendered":"https:\/\/tagungsschloss.de\/agb\/"},"modified":"2022-10-13T11:08:46","modified_gmt":"2022-10-13T09:08:46","slug":"agb","status":"publish","type":"page","link":"https:\/\/tagungsschloss.de\/en\/agb\/","title":{"rendered":"AGB"},"content":{"rendered":"<div style=\"text-align: justify;\">\n<p><strong>Allgemeine Gesch\u00e4ftsbedingungen<\/strong><br \/>\nStand 2021<\/p>\n<p>Diese allgemeinen Gesch\u00e4ftsbedingungen gelten f\u00fcr alle Leistungen, die das SCHLOSS HASENWINKEL mit den Restaurants (Schlossrestaurant, Kinderzimmer, Neubrandenburg, Marstall, Spinnstube), im Konferenz-, Bankett-, Seminar- und anderen Veranstaltungsbereichen erbringt. Vereinbarte Leistungen zwischen dem Besteller, dem Leistungsnehmer und dem SCHLOSS HASENWINKEL sind Vertragsgrundlage. Die vereinbarten Preise schlie\u00dfen die jeweils g\u00fcltige Mehrwertsteuer f\u00fcr den Zeitraum, in dem die Veranstaltung stattfindet, ein. Wenn der Besteller oder der Leistungsnehmer zwischen Vertragsabschluss und Inanspruchnahme der Leistung erhebliche Bestandteile des Vertrages ver\u00e4ndert, so dass eine wirtschaftliche Vermietung der R\u00e4umlichkeiten nicht mehr m\u00f6glich ist, steht dem SCHLOSS HASENWINKEL zu, vom Vertrag zur\u00fcckzutreten. Das SCHLOSS HASENWINKEL kann ebenso vom Vertrag zur\u00fccktreten, wenn h\u00f6here Gewalt oder andere vom SCHLOSS HASENWINKEL nicht zu vertretende Umst\u00e4nde die Vertragserf\u00fcllung unm\u00f6glich machen. Das SCHLOSS HASENWINKEL beh\u00e4lt sich auch ein R\u00fccktrittsrecht vor, wenn es begr\u00fcndeten Anlass zu der Annahme hat, dass die Inanspruchnahme der Leistung, namentlich die im SCHLOSS HASENWINKEL vorgesehene Veranstaltung, den reibungslosen Gesch\u00e4ftsbetrieb, die Sicherheit oder den Ruf des SCHLOSSES HASENWINKEL gef\u00e4hrdet. Raum\u00e4nderungen (Veranstaltungsr\u00e4ume und Zimmer) bleiben dem SCHLOSS HASENWINKEL vorbehalten, soweit dies unter Ber\u00fccksichtigung der Interessen des SCHLOSSES HASENWINKEL f\u00fcr den Veranstalter zumutbar ist. Rechnungen ohne F\u00e4lligkeitsdatum sind binnen 10 Tagen ab Rechnungsanfertigung bzw. -datum ohne Abzug zahlbar. Das SCHLOSS HASENWINKEL kann vom Besteller\/Veranstalter vor Erbringung der Leistung eine Vorauszahlung in angemessener H\u00f6he verlangen.\u00a0 Das SCHLOSS HASENWINKEL haftet bei Verlust oder Besch\u00e4digung eingebrachter Gegenst\u00e4nde nur bei Vorsatz oder grober Fahrl\u00e4ssigkeit seiner Mitarbeiter. Soweit das SCHLOSS HASENWINKEL f\u00fcr Dritte einzustehen hat, haftet es nur, wenn ein Verschulden vorliegt. F\u00fcr Sch\u00e4den, die durch G\u00e4ste, Mitarbeiter und Beauftragte des Bestellers entstehen, haftet der Besteller. Eine Haftung f\u00fcr Wertsachen und Bargeld besteht nur dann, wenn diese Gegenst\u00e4nde im Safe deponiert werden. Das SCHLOSS HASENWINKEL haftet nicht f\u00fcr Sch\u00e4den, die durch h\u00f6here Gewalt entstehen. Die Haftung des SCHLOSSES HASENWINKEL wird ausdr\u00fccklich auf die Leistungen der Haftpflichtversicherung begrenzt. Eine dar\u00fcber hinausgehende Haftung wird ausdr\u00fccklich ausgeschlossen. Bei Inanspruchnahme des Parkplatzes haftet das SCHLOSS HASENWINKEL nur f\u00fcr unmittelbare Sch\u00e4den am Fahrzeug, die auf einem, bei der \u00dcberlassung des Platzes bereits bestehenden Mangel dieses Platzes beruhen, innerhalb bestimmter versicherungsm\u00e4\u00dfig abgedeckter Haftungsh\u00f6chstgrenzen. Der Gast muss den Schaden sp\u00e4testens beim Verlassen des Grundst\u00fcckes des SCHLOSSES HASENWINKEL geltend machen. Sp\u00e4tere Meldungen werden nicht mehr anerkannt. Ebenso besteht bei Inanspruchnahme des Parkplatzes kein Verwahrungsvertrag. Es besteht keine \u00dcberwachungspflicht des SCHLOSSES HASENWINKEL. Der Besteller\/Veranstalter muss dem SCHLOSS HASENWINKEL die Zahl der Teilnehmer sp\u00e4testens 14 Tage vor dem Termin mitteilen. Das Mitbringen von Speisen und Getr\u00e4nken ist grunds\u00e4tzlich nicht gestattet. Ausnahmen (nationale Spezialit\u00e4ten, medizinische Indikation, Demonstrationszwecke) sind in Absprache mit dem SCHLOSS HASENWINKEL schriftlich festzuhalten.<\/p>\n<p>Das Haus \u00fcbernimmt f\u00fcr vergessene Gegenst\u00e4nde keine Haftung. Fundsachen werden maximal 6 Monate aufbewahrt. Das Tagungshotel der Wirtschaft \u00fcbergibt eine Tagungs-\/Bankettvereinbarung, in der die Leistungen exakt aufgeschl\u00fcsselt sind. Eine Stornierung nach der Unterzeichnung der Tagungsvereinbarung durch den Kunden bedarf der Schriftform.\u00a0 Je nach Datum des Einganges einer R\u00fccktrittserkl\u00e4rung vor Ankunft oder Veranstaltungsbeginn werden folgende S\u00e4tze des vereinbarten Preises berechnet:<\/p>\n<p>&nbsp;<\/p>\n<p><strong>Stornierungsbedingungen f\u00fcr \u00dcbernachtungen, Arrangements, Tagungen, Reisegruppen, Feiern und Jubil\u00e4en:<br \/>\n<\/strong><\/p>\n<table style=\"width: 489px; height: 100px;\" border=\"0\">\n<tbody style=\"text-align: left;\">\n<tr style=\"text-align: center;\">\n<td style=\"width: 134px; text-align: left;\" valign=\"top\">Tage vor der VA<\/td>\n<td style=\"text-align: left; width: 28px;\" valign=\"top\">f\u00fcr \u00dc \/ F &amp; Arrangements<\/td>\n<td style=\"text-align: center; width: 97px;\" valign=\"top\">f\u00fcr Tagungen &amp; Reisegruppen<\/p>\n<p style=\"font-size: 10px;\">auf alle gebuchten Leistungen auch \u00dc\/F<\/p>\n<\/td>\n<td style=\"text-align: center; width: 76px;\" valign=\"top\">f\u00fcr Feiern &amp; Jubil\u00e4en<\/p>\n<p style=\"font-size: 10px;\">auf alle gebuchten Leistungen auch \u00dc\/F<\/p>\n<\/td>\n<\/tr>\n<tr style=\"text-align: center;\">\n<td style=\"text-align: left;\">ab 60 Tagen<\/td>\n<td style=\"text-align: center;\">0 %<\/td>\n<td style=\"text-align: center;\">0 %<\/td>\n<td style=\"text-align: center;\">30 %<\/td>\n<\/tr>\n<tr style=\"text-align: center;\">\n<td style=\"text-align: left;\">ab 30 Tagen<\/td>\n<td style=\"text-align: center;\">0 %<\/td>\n<td style=\"text-align: center;\">30 %<\/td>\n<td style=\"text-align: center;\">50 %<\/td>\n<\/tr>\n<tr style=\"text-align: center;\">\n<td style=\"text-align: left;\">ab 14 Tagen<\/td>\n<td style=\"text-align: center;\">0 %<\/td>\n<td style=\"text-align: center;\">50 %<\/td>\n<td style=\"text-align: center;\">80 %<\/td>\n<\/tr>\n<tr style=\"text-align: center;\">\n<td style=\"text-align: left;\">ab 7 Tagen<\/td>\n<td style=\"text-align: center;\">30 %<\/td>\n<td style=\"text-align: center;\">80 %<\/td>\n<td style=\"text-align: center;\">100 %<\/td>\n<\/tr>\n<tr style=\"text-align: center;\">\n<td style=\"text-align: left;\">ab 2 Tage<\/td>\n<td style=\"text-align: center;\">50 %<\/td>\n<td style=\"text-align: center;\">100 %<\/td>\n<td style=\"text-align: center;\">100 %<\/td>\n<\/tr>\n<tr style=\"text-align: center;\">\n<td style=\"text-align: left;\">bei Nichtanreise ohne Stornierung (No Show)<\/td>\n<td style=\"text-align: center;\">80 %<\/td>\n<td style=\"text-align: center;\">100 %<\/td>\n<td style=\"text-align: center;\">100 %<\/td>\n<\/tr>\n<\/tbody>\n<\/table>\n<\/div>\n<div><\/div>\n<div><strong>Stornierungsbedingungen f\u00fcr Hochzeiten:<\/strong><\/div>\n<div><\/div>\n<div>\n<table style=\"width: 489px; height: 100px;\" border=\"0\">\n<tbody style=\"text-align: left;\">\n<tr style=\"text-align: center;\">\n<td style=\"width: 134px; text-align: left;\" valign=\"top\">Monate vor der Hochzeit<\/td>\n<td style=\"width: 28px;\" valign=\"top\">f\u00fcr Hochzeiten<\/td>\n<td style=\"text-align: center; width: 97px;\" valign=\"top\"><\/td>\n<\/tr>\n<tr style=\"text-align: center;\">\n<td style=\"text-align: left;\">ab 9 Monate<\/td>\n<td style=\"text-align: center;\">40 %<\/td>\n<td style=\"text-align: center;\">auf den Mindestumsatz<\/td>\n<\/tr>\n<tr style=\"text-align: center;\">\n<td style=\"text-align: left;\">ab 6 Monate<\/td>\n<td style=\"text-align: center;\">60 %<\/td>\n<td style=\"text-align: center;\">auf den Mindestumsatz<\/td>\n<\/tr>\n<tr style=\"text-align: center;\">\n<td style=\"text-align: left;\">ab 3 Monate<\/td>\n<td style=\"text-align: center;\">80 %<\/td>\n<td style=\"text-align: center;\">auf den Mindestumsatz<\/td>\n<\/tr>\n<tr style=\"text-align: center;\">\n<td style=\"text-align: left;\">ab 2 Monate<\/td>\n<td style=\"text-align: center;\">90 %<\/td>\n<td style=\"text-align: center;\">auf den Mindestumsatz und Mindestabnahme der Zimmer<\/td>\n<\/tr>\n<\/tbody>\n<\/table>\n<\/div>\n<p>&nbsp;<\/p>\n<div style=\"text-align: justify;\">Sollte eine Bestimmung der Allgemeinen Gesch\u00e4ftsbedingungen unwirksam werden, so ber\u00fchrt das die G\u00fcltigkeit der anderen Bestimmungen nicht. Anstelle der ung\u00fcltigen Bestimmung gilt eine ihr m\u00f6glichst nahestehende g\u00fcltige Bestimmung.<\/div>\n<div style=\"text-align: justify;\">Erf\u00fcllungs-, Zahlungsort und Gerichtsstand ist Schwerin.<\/div>\n","protected":false},"excerpt":{"rendered":"<p>Allgemeine Gesch\u00e4ftsbedingungen Stand 2021 Diese allgemeinen Gesch\u00e4ftsbedingungen gelten f\u00fcr alle Leistungen, die das SCHLOSS HASENWINKEL mit den Restaurants (Schlossrestaurant, Kinderzimmer, Neubrandenburg, Marstall, Spinnstube), im Konferenz-, Bankett-, Seminar- und anderen Veranstaltungsbereichen erbringt. Vereinbarte Leistungen zwischen dem Besteller, dem Leistungsnehmer und dem  [&#8230;]<\/p>\n","protected":false},"author":1,"featured_media":0,"parent":0,"menu_order":0,"comment_status":"closed","ping_status":"closed","template":"","meta":{"_acf_changed":false,"footnotes":""},"class_list":["post-5537","page","type-page","status-publish","hentry"],"acf":[],"_links":{"self":[{"href":"https:\/\/tagungsschloss.de\/en\/wp-json\/wp\/v2\/pages\/5537","targetHints":{"allow":["GET"]}}],"collection":[{"href":"https:\/\/tagungsschloss.de\/en\/wp-json\/wp\/v2\/pages"}],"about":[{"href":"https:\/\/tagungsschloss.de\/en\/wp-json\/wp\/v2\/types\/page"}],"author":[{"embeddable":true,"href":"https:\/\/tagungsschloss.de\/en\/wp-json\/wp\/v2\/users\/1"}],"replies":[{"embeddable":true,"href":"https:\/\/tagungsschloss.de\/en\/wp-json\/wp\/v2\/comments?post=5537"}],"version-history":[{"count":1,"href":"https:\/\/tagungsschloss.de\/en\/wp-json\/wp\/v2\/pages\/5537\/revisions"}],"predecessor-version":[{"id":5928,"href":"https:\/\/tagungsschloss.de\/en\/wp-json\/wp\/v2\/pages\/5537\/revisions\/5928"}],"wp:attachment":[{"href":"https:\/\/tagungsschloss.de\/en\/wp-json\/wp\/v2\/media?parent=5537"}],"curies":[{"name":"wp","href":"https:\/\/api.w.org\/{rel}","templated":true}]}}